{"id":22386,"date":"2026-03-05T13:20:35","date_gmt":"2026-03-05T13:20:35","guid":{"rendered":"https:\/\/rielecom.cl\/tienda\/?post_type=product&#038;p=22386"},"modified":"2026-04-10T12:57:25","modified_gmt":"2026-04-10T12:57:25","slug":"conector-rj11-para-cable-telefonico-500-unidades","status":"publish","type":"product","link":"https:\/\/rielecom.cl\/tienda\/producto\/conector-rj11-para-cable-telefonico-500-unidades\/","title":{"rendered":"Conector RJ11 Telef\u00f3nico (500 unidades)"},"content":{"rendered":"<p>Conector RJ11 utilizado para terminaci\u00f3n de cables telef\u00f3nicos en instalaciones de telecomunicaciones.<\/p>\n<p>Compatible con cables telef\u00f3nicos de 4 y 6 hilos.<\/p>\n<p>Permite realizar conexiones seguras mediante herramienta crimpadora RJ11.<\/p>\n<p>Ideal para t\u00e9cnicos de telecomunicaciones, instalaciones FTTH y mantenimiento de redes telef\u00f3nicas.<\/p>\n","protected":false},"excerpt":{"rendered":"<p>Conector RJ11 para cables telef\u00f3nicos utilizado en instalaciones de telecomunicaciones.<\/p>\n","protected":false},"featured_media":22389,"comment_status":"open","ping_status":"closed","template":"","meta":{"pagelayer_contact_templates":[],"_pagelayer_content":""},"product_brand":[156],"product_cat":[145],"product_tag":[169,167,168,166,170],"class_list":{"0":"post-22386","1":"product","2":"type-product","3":"status-publish","4":"has-post-thumbnail","6":"product_brand-generico","7":"product_cat-conectores","8":"product_tag-cable-telefonico","9":"product_tag-conector-rj11","10":"product_tag-conector-telefono","11":"product_tag-rj11","12":"product_tag-telecomunicaciones","14":"first","15":"instock","16":"taxable","17":"shipping-taxable","18":"purchasable","19":"product-type-simple"},"_links":{"self":[{"href":"https:\/\/rielecom.cl\/tienda\/wp-json\/wp\/v2\/product\/22386","targetHints":{"allow":["GET"]}}],"collection":[{"href":"https:\/\/rielecom.cl\/tienda\/wp-json\/wp\/v2\/product"}],"about":[{"href":"https:\/\/rielecom.cl\/tienda\/wp-json\/wp\/v2\/types\/product"}],"replies":[{"embeddable":true,"href":"https:\/\/rielecom.cl\/tienda\/wp-json\/wp\/v2\/comments?post=22386"}],"wp:featuredmedia":[{"embeddable":true,"href":"https:\/\/rielecom.cl\/tienda\/wp-json\/wp\/v2\/media\/22389"}],"wp:attachment":[{"href":"https:\/\/rielecom.cl\/tienda\/wp-json\/wp\/v2\/media?parent=22386"}],"wp:term":[{"taxonomy":"product_brand","embeddable":true,"href":"https:\/\/rielecom.cl\/tienda\/wp-json\/wp\/v2\/product_brand?post=22386"},{"taxonomy":"product_cat","embeddable":true,"href":"https:\/\/rielecom.cl\/tienda\/wp-json\/wp\/v2\/product_cat?post=22386"},{"taxonomy":"product_tag","embeddable":true,"href":"https:\/\/rielecom.cl\/tienda\/wp-json\/wp\/v2\/product_tag?post=22386"}],"curies":[{"name":"wp","href":"https:\/\/api.w.org\/{rel}","templated":true}]}}