{"id":22408,"date":"2026-03-05T13:50:07","date_gmt":"2026-03-05T13:50:07","guid":{"rendered":"https:\/\/rielecom.cl\/tienda\/?post_type=product&#038;p=22408"},"modified":"2026-04-10T12:52:04","modified_gmt":"2026-04-10T12:52:04","slug":"medidor-de-potencia-fibra-optica-optical-power-meter","status":"publish","type":"product","link":"https:\/\/rielecom.cl\/tienda\/producto\/medidor-de-potencia-fibra-optica-optical-power-meter\/","title":{"rendered":"Medidor de Potencia Fibra \u00d3ptica Optical Power Meter (OPM)"},"content":{"rendered":"<p>Medidor de potencia para fibra \u00f3ptica utilizado para verificar niveles de se\u00f1al en redes FTTH.<\/p>\n<p>Permite medir la potencia \u00f3ptica en enlaces de fibra para instalaci\u00f3n, mantenimiento y diagn\u00f3stico de redes de telecomunicaciones.<\/p>\n<p>Compatible con diferentes longitudes de onda utilizadas en redes de fibra \u00f3ptica.<\/p>\n<p>Herramienta indispensable para t\u00e9cnicos FTTH e instaladores de fibra \u00f3ptica.<\/p>\n","protected":false},"excerpt":{"rendered":"<p>Medidor de potencia para fibra \u00f3ptica utilizado para medici\u00f3n de se\u00f1al en instalaciones FTTH.<\/p>\n","protected":false},"featured_media":22411,"comment_status":"open","ping_status":"closed","template":"","meta":{"pagelayer_contact_templates":[],"_pagelayer_content":""},"product_brand":[156],"product_cat":[144],"product_tag":[178,153,177,175,176,174],"class_list":{"0":"post-22408","1":"product","2":"type-product","3":"status-publish","4":"has-post-thumbnail","6":"product_brand-generico","7":"product_cat-equipos-medicion","8":"product_tag-equipos-medicion-fibra","9":"product_tag-herramientas-ftth","10":"product_tag-medidor-fibra-optica","11":"product_tag-optical-power-meter","12":"product_tag-power-meter","13":"product_tag-tester-fibra","15":"first","16":"instock","17":"taxable","18":"shipping-taxable","19":"purchasable","20":"product-type-simple"},"_links":{"self":[{"href":"https:\/\/rielecom.cl\/tienda\/wp-json\/wp\/v2\/product\/22408","targetHints":{"allow":["GET"]}}],"collection":[{"href":"https:\/\/rielecom.cl\/tienda\/wp-json\/wp\/v2\/product"}],"about":[{"href":"https:\/\/rielecom.cl\/tienda\/wp-json\/wp\/v2\/types\/product"}],"replies":[{"embeddable":true,"href":"https:\/\/rielecom.cl\/tienda\/wp-json\/wp\/v2\/comments?post=22408"}],"wp:featuredmedia":[{"embeddable":true,"href":"https:\/\/rielecom.cl\/tienda\/wp-json\/wp\/v2\/media\/22411"}],"wp:attachment":[{"href":"https:\/\/rielecom.cl\/tienda\/wp-json\/wp\/v2\/media?parent=22408"}],"wp:term":[{"taxonomy":"product_brand","embeddable":true,"href":"https:\/\/rielecom.cl\/tienda\/wp-json\/wp\/v2\/product_brand?post=22408"},{"taxonomy":"product_cat","embeddable":true,"href":"https:\/\/rielecom.cl\/tienda\/wp-json\/wp\/v2\/product_cat?post=22408"},{"taxonomy":"product_tag","embeddable":true,"href":"https:\/\/rielecom.cl\/tienda\/wp-json\/wp\/v2\/product_tag?post=22408"}],"curies":[{"name":"wp","href":"https:\/\/api.w.org\/{rel}","templated":true}]}}