{"id":22415,"date":"2026-03-05T14:30:05","date_gmt":"2026-03-05T14:30:05","guid":{"rendered":"https:\/\/rielecom.cl\/tienda\/?post_type=product&#038;p=22415"},"modified":"2026-04-10T12:51:10","modified_gmt":"2026-04-10T12:51:10","slug":"roseta-de-fibra-optica-ftth-1-puerto-sc-apc","status":"publish","type":"product","link":"https:\/\/rielecom.cl\/tienda\/producto\/roseta-de-fibra-optica-ftth-1-puerto-sc-apc\/","title":{"rendered":"Roseta de Fibra \u00d3ptica FTTH 1 Puerto SC-APC (FRB-2F)"},"content":{"rendered":"<p>Roseta de fibra \u00f3ptica FTTH utilizada para terminaci\u00f3n de cable de fibra dentro del domicilio del cliente.<\/p>\n<p>Permite alojar el adaptador SC\/APC y organizar la fibra de forma segura.<\/p>\n<p>Dise\u00f1o compacto para instalaci\u00f3n en muro interior.<\/p>\n<p>Ideal para instalaciones FTTH en hogares, departamentos y oficinas.<\/p>\n","protected":false},"excerpt":{"rendered":"<p>Roseta FTTH para terminaci\u00f3n de fibra \u00f3ptica con adaptador SC\/APC para instalaciones domiciliarias.<\/p>\n","protected":false},"featured_media":22419,"comment_status":"open","ping_status":"closed","template":"","meta":{"pagelayer_contact_templates":[],"_pagelayer_content":""},"product_brand":[156],"product_cat":[146],"product_tag":[181,183,179,180,182],"class_list":{"0":"post-22415","1":"product","2":"type-product","3":"status-publish","4":"has-post-thumbnail","6":"product_brand-generico","7":"product_cat-cajas-terminales","8":"product_tag-fiber-outlet","9":"product_tag-ftth","10":"product_tag-roseta-fibra-optica","11":"product_tag-roseta-ftth","12":"product_tag-terminal-fibra-optica","14":"first","15":"instock","16":"taxable","17":"shipping-taxable","18":"purchasable","19":"product-type-simple"},"_links":{"self":[{"href":"https:\/\/rielecom.cl\/tienda\/wp-json\/wp\/v2\/product\/22415","targetHints":{"allow":["GET"]}}],"collection":[{"href":"https:\/\/rielecom.cl\/tienda\/wp-json\/wp\/v2\/product"}],"about":[{"href":"https:\/\/rielecom.cl\/tienda\/wp-json\/wp\/v2\/types\/product"}],"replies":[{"embeddable":true,"href":"https:\/\/rielecom.cl\/tienda\/wp-json\/wp\/v2\/comments?post=22415"}],"wp:featuredmedia":[{"embeddable":true,"href":"https:\/\/rielecom.cl\/tienda\/wp-json\/wp\/v2\/media\/22419"}],"wp:attachment":[{"href":"https:\/\/rielecom.cl\/tienda\/wp-json\/wp\/v2\/media?parent=22415"}],"wp:term":[{"taxonomy":"product_brand","embeddable":true,"href":"https:\/\/rielecom.cl\/tienda\/wp-json\/wp\/v2\/product_brand?post=22415"},{"taxonomy":"product_cat","embeddable":true,"href":"https:\/\/rielecom.cl\/tienda\/wp-json\/wp\/v2\/product_cat?post=22415"},{"taxonomy":"product_tag","embeddable":true,"href":"https:\/\/rielecom.cl\/tienda\/wp-json\/wp\/v2\/product_tag?post=22415"}],"curies":[{"name":"wp","href":"https:\/\/api.w.org\/{rel}","templated":true}]}}