{"id":22433,"date":"2026-03-05T16:03:30","date_gmt":"2026-03-05T16:03:30","guid":{"rendered":"https:\/\/rielecom.cl\/tienda\/?post_type=product&#038;p=22433"},"modified":"2026-04-10T13:32:44","modified_gmt":"2026-04-10T13:32:44","slug":"kit-de-herramientas-fibra-optica-ftth","status":"publish","type":"product","link":"https:\/\/rielecom.cl\/tienda\/producto\/kit-de-herramientas-fibra-optica-ftth\/","title":{"rendered":"Kit de Herramientas Fibra \u00d3ptica FTTH"},"content":{"rendered":"<p>Kit de herramientas para instalaci\u00f3n y mantenimiento de redes de fibra \u00f3ptica FTTH.<\/p>\n<p>Incluye herramientas esenciales para preparaci\u00f3n, corte y limpieza de fibra \u00f3ptica durante procesos de instalaci\u00f3n y diagn\u00f3stico.<\/p>\n<p>Dise\u00f1ado para t\u00e9cnicos de telecomunicaciones y trabajos de mantenimiento en redes FTTH.<\/p>\n<p>El kit se entrega en estuche de transporte para facilitar su uso en terreno.<\/p>\n","protected":false},"excerpt":{"rendered":"<p>Kit de herramientas para instalaci\u00f3n y mantenimiento de fibra \u00f3ptica FTTH.<\/p>\n","protected":false},"featured_media":22603,"comment_status":"open","ping_status":"closed","template":"","meta":{"pagelayer_contact_templates":[],"_pagelayer_content":""},"product_brand":[156],"product_cat":[143],"product_tag":[190,153,188,189,191],"class_list":{"0":"post-22433","1":"product","2":"type-product","3":"status-publish","4":"has-post-thumbnail","6":"product_brand-generico","7":"product_cat-herramientas-ftth","8":"product_tag-fiber-optic-toolkit","9":"product_tag-herramientas-ftth","10":"product_tag-kit-fibra-optica","11":"product_tag-kit-instalador-fibra","12":"product_tag-tecnico-ftth","14":"first","15":"instock","16":"taxable","17":"shipping-taxable","18":"purchasable","19":"product-type-simple"},"_links":{"self":[{"href":"https:\/\/rielecom.cl\/tienda\/wp-json\/wp\/v2\/product\/22433","targetHints":{"allow":["GET"]}}],"collection":[{"href":"https:\/\/rielecom.cl\/tienda\/wp-json\/wp\/v2\/product"}],"about":[{"href":"https:\/\/rielecom.cl\/tienda\/wp-json\/wp\/v2\/types\/product"}],"replies":[{"embeddable":true,"href":"https:\/\/rielecom.cl\/tienda\/wp-json\/wp\/v2\/comments?post=22433"}],"wp:featuredmedia":[{"embeddable":true,"href":"https:\/\/rielecom.cl\/tienda\/wp-json\/wp\/v2\/media\/22603"}],"wp:attachment":[{"href":"https:\/\/rielecom.cl\/tienda\/wp-json\/wp\/v2\/media?parent=22433"}],"wp:term":[{"taxonomy":"product_brand","embeddable":true,"href":"https:\/\/rielecom.cl\/tienda\/wp-json\/wp\/v2\/product_brand?post=22433"},{"taxonomy":"product_cat","embeddable":true,"href":"https:\/\/rielecom.cl\/tienda\/wp-json\/wp\/v2\/product_cat?post=22433"},{"taxonomy":"product_tag","embeddable":true,"href":"https:\/\/rielecom.cl\/tienda\/wp-json\/wp\/v2\/product_tag?post=22433"}],"curies":[{"name":"wp","href":"https:\/\/api.w.org\/{rel}","templated":true}]}}